{"id":5688,"date":"2023-10-19T16:46:13","date_gmt":"2023-10-19T16:46:13","guid":{"rendered":"https:\/\/surfcity.org\/articles\/?page_id=5688"},"modified":"2024-05-28T09:50:25","modified_gmt":"2024-05-28T15:50:25","slug":"descubre-surf-city","status":"publish","type":"page","link":"https:\/\/surfcity.org\/en\/descubre-surf-city\/","title":{"rendered":"Descubre Surf City"},"content":{"rendered":"<div data-elementor-type=\"wp-page\" data-elementor-id=\"5688\" class=\"elementor elementor-5688\" data-elementor-post-type=\"page\">\n\t\t\t\t<div class=\"elementor-element elementor-element-715fdce e-flex e-con-boxed e-con e-parent\" data-id=\"715fdce\" data-element_type=\"container\">\n\t\t\t\t\t<div class=\"e-con-inner\">\n\t\t\t\t<div class=\"elementor-element elementor-element-67c2042 elementor-widget elementor-widget-video\" data-id=\"67c2042\" data-element_type=\"widget\" data-settings=\"{&quot;youtube_url&quot;:&quot;https:\\\/\\\/www.youtube.com\\\/watch?v=X7UIO_RHEW0&quot;,&quot;autoplay&quot;:&quot;yes&quot;,&quot;play_on_mobile&quot;:&quot;yes&quot;,&quot;mute&quot;:&quot;yes&quot;,&quot;loop&quot;:&quot;yes&quot;,&quot;video_type&quot;:&quot;youtube&quot;}\" data-widget_type=\"video.default\">\n\t\t\t\t<div class=\"elementor-widget-container\">\n\t\t\t\t\t\t\t<div class=\"elementor-wrapper elementor-open-inline\">\n\t\t\t<div class=\"elementor-video\"><\/div>\t\t<\/div>\n\t\t\t\t\t\t<\/div>\n\t\t\t\t<\/div>\n\t\t\t\t\t<\/div>\n\t\t\t\t<\/div>\n\t\t<div class=\"elementor-element elementor-element-75efbcc e-flex e-con-boxed e-con e-parent\" data-id=\"75efbcc\" data-element_type=\"container\" data-settings=\"{&quot;background_background&quot;:&quot;classic&quot;}\">\n\t\t\t\t\t<div class=\"e-con-inner\">\n\t\t<div class=\"elementor-element elementor-element-285fdf7 e-con-full e-flex e-con e-child\" data-id=\"285fdf7\" data-element_type=\"container\" data-settings=\"{&quot;background_background&quot;:&quot;classic&quot;}\">\n\t\t\t\t<div class=\"elementor-element elementor-element-76036f3 elementor-widget elementor-widget-heading\" data-id=\"76036f3\" data-element_type=\"widget\" data-widget_type=\"heading.default\">\n\t\t\t\t<div class=\"elementor-widget-container\">\n\t\t\t\t\t<h2 class=\"elementor-heading-title elementor-size-default\">El Salvador<\/h2>\t\t\t\t<\/div>\n\t\t\t\t<\/div>\n\t\t\t\t<\/div>\n\t\t\t\t\t<\/div>\n\t\t\t\t<\/div>\n\t\t<div class=\"elementor-element elementor-element-3292d2a e-flex e-con-boxed e-con e-parent\" data-id=\"3292d2a\" data-element_type=\"container\" data-settings=\"{&quot;background_background&quot;:&quot;classic&quot;}\">\n\t\t\t\t\t<div class=\"e-con-inner\">\n\t\t<div class=\"elementor-element elementor-element-4db194d e-con-full e-flex e-con e-child\" data-id=\"4db194d\" data-element_type=\"container\" data-settings=\"{&quot;background_background&quot;:&quot;classic&quot;}\">\n\t\t\t\t<div class=\"elementor-element elementor-element-a8b86fa elementor-widget elementor-widget-heading\" data-id=\"a8b86fa\" data-element_type=\"widget\" data-widget_type=\"heading.default\">\n\t\t\t\t<div class=\"elementor-widget-container\">\n\t\t\t\t\t<h2 class=\"elementor-heading-title elementor-size-default\">El Salvador<\/h2>\t\t\t\t<\/div>\n\t\t\t\t<\/div>\n\t\t\t\t<div class=\"elementor-element elementor-element-69627f5 elementor-widget elementor-widget-image\" data-id=\"69627f5\" data-element_type=\"widget\" data-widget_type=\"image.default\">\n\t\t\t\t<div class=\"elementor-widget-container\">\n\t\t\t\t\t\t\t\t\t\t\t\t\t\t\t<img fetchpriority=\"high\" decoding=\"async\" width=\"1024\" height=\"562\" src=\"https:\/\/surfcity.org\/wp-content\/uploads\/2023\/10\/surfcity-img-06.png\" class=\"attachment-full size-full wp-image-5693\" alt=\"\" srcset=\"https:\/\/surfcity.org\/wp-content\/uploads\/2023\/10\/surfcity-img-06.png 1024w, https:\/\/surfcity.org\/wp-content\/uploads\/2023\/10\/surfcity-img-06-300x165.png 300w, https:\/\/surfcity.org\/wp-content\/uploads\/2023\/10\/surfcity-img-06-768x422.png 768w\" sizes=\"(max-width: 1024px) 100vw, 1024px\" \/>\t\t\t\t\t\t\t\t\t\t\t\t\t\t\t<\/div>\n\t\t\t\t<\/div>\n\t\t\t\t<div class=\"elementor-element elementor-element-b856a37 elementor-widget elementor-widget-text-editor\" data-id=\"b856a37\" data-element_type=\"widget\" data-widget_type=\"text-editor.default\">\n\t\t\t\t<div class=\"elementor-widget-container\">\n\t\t\t\t\t\t\t\t\t<p>El Salvador is the smallest country in Central America and the only one that does not have a coastline with the Caribbean Sea. Its 321 km long coastal strip faces completely south with an angular direction towards the south pole, which causes the swell it receives to come from directions 170\u00b0 to 225\u00b0.<\/p><p>Its coastal geography is generated as a result of the belt of fire and the fault of the Cocos tectonic plate, below the Caribbean fault. This location generates a unique coastline with cliffs, rocks and protected coves, favorable for the swells approaching from the south to form waves of excellent height and shape considered of high level and quality for the sport of surfing.<\/p><p>Within its 311 km of coastline are the Cordillera del Balsamo and the Cordillera Jucuaran-Intipuca which form this geographical fault that end up being the cause of generating perfect waves or peaks, and its breakers are to the right side by the angle at which they receive the swells from the south.<\/p>\t\t\t\t\t\t\t\t<\/div>\n\t\t\t\t<\/div>\n\t\t\t\t<\/div>\n\t\t\t\t\t<\/div>\n\t\t\t\t<\/div>\n\t\t<div class=\"elementor-element elementor-element-da578dc e-flex e-con-boxed e-con e-parent\" data-id=\"da578dc\" data-element_type=\"container\" data-settings=\"{&quot;background_background&quot;:&quot;classic&quot;}\">\n\t\t\t\t\t<div class=\"e-con-inner\">\n\t\t<div class=\"elementor-element elementor-element-4c929e0 e-con-full e-flex e-con e-child\" data-id=\"4c929e0\" data-element_type=\"container\" data-settings=\"{&quot;background_background&quot;:&quot;classic&quot;}\">\n\t\t\t\t<div class=\"elementor-element elementor-element-27e6bf6 elementor-widget elementor-widget-image\" data-id=\"27e6bf6\" data-element_type=\"widget\" data-widget_type=\"image.default\">\n\t\t\t\t<div class=\"elementor-widget-container\">\n\t\t\t\t\t\t\t\t\t\t\t\t\t\t\t<img decoding=\"async\" width=\"1200\" height=\"1200\" src=\"https:\/\/surfcity.org\/wp-content\/uploads\/2023\/10\/about-02.jpg\" class=\"attachment-full size-full wp-image-5932\" alt=\"\" srcset=\"https:\/\/surfcity.org\/wp-content\/uploads\/2023\/10\/about-02.jpg 1200w, https:\/\/surfcity.org\/wp-content\/uploads\/2023\/10\/about-02-300x300.jpg 300w, https:\/\/surfcity.org\/wp-content\/uploads\/2023\/10\/about-02-1024x1024.jpg 1024w, https:\/\/surfcity.org\/wp-content\/uploads\/2023\/10\/about-02-150x150.jpg 150w, https:\/\/surfcity.org\/wp-content\/uploads\/2023\/10\/about-02-768x768.jpg 768w\" sizes=\"(max-width: 1200px) 100vw, 1200px\" \/>\t\t\t\t\t\t\t\t\t\t\t\t\t\t\t<\/div>\n\t\t\t\t<\/div>\n\t\t\t\t<div class=\"elementor-element elementor-element-297b368 elementor-align-center elementor-widget elementor-widget-button\" data-id=\"297b368\" data-element_type=\"widget\" data-widget_type=\"button.default\">\n\t\t\t\t<div class=\"elementor-widget-container\">\n\t\t\t\t\t\t\t\t\t<div class=\"elementor-button-wrapper\">\n\t\t\t\t\t<a class=\"elementor-button elementor-button-link elementor-size-sm elementor-animation-wobble-horizontal\" href=\"#elementor-action%3Aaction%3Dpopup%3Aopen%26settings%3DeyJpZCI6IjU5MzMiLCJ0b2dnbGUiOmZhbHNlfQ%3D%3D\">\n\t\t\t\t\t\t<span class=\"elementor-button-content-wrapper\">\n\t\t\t\t\t\t\t\t\t<span class=\"elementor-button-text\">About El Salvador<\/span>\n\t\t\t\t\t<\/span>\n\t\t\t\t\t<\/a>\n\t\t\t\t<\/div>\n\t\t\t\t\t\t\t\t<\/div>\n\t\t\t\t<\/div>\n\t\t\t\t<\/div>\n\t\t<div class=\"elementor-element elementor-element-a829454 e-con-full e-flex e-con e-child\" data-id=\"a829454\" data-element_type=\"container\" data-settings=\"{&quot;background_background&quot;:&quot;classic&quot;}\">\n\t\t\t\t<div class=\"elementor-element elementor-element-e017a0c elementor-widget elementor-widget-image\" data-id=\"e017a0c\" data-element_type=\"widget\" data-widget_type=\"image.default\">\n\t\t\t\t<div class=\"elementor-widget-container\">\n\t\t\t\t\t\t\t\t\t\t\t\t\t\t\t<img decoding=\"async\" width=\"1200\" height=\"1200\" src=\"https:\/\/surfcity.org\/wp-content\/uploads\/2023\/10\/about-03.jpg\" class=\"attachment-full size-full wp-image-5965\" alt=\"\" srcset=\"https:\/\/surfcity.org\/wp-content\/uploads\/2023\/10\/about-03.jpg 1200w, https:\/\/surfcity.org\/wp-content\/uploads\/2023\/10\/about-03-300x300.jpg 300w, https:\/\/surfcity.org\/wp-content\/uploads\/2023\/10\/about-03-1024x1024.jpg 1024w, https:\/\/surfcity.org\/wp-content\/uploads\/2023\/10\/about-03-150x150.jpg 150w, https:\/\/surfcity.org\/wp-content\/uploads\/2023\/10\/about-03-768x768.jpg 768w\" sizes=\"(max-width: 1200px) 100vw, 1200px\" \/>\t\t\t\t\t\t\t\t\t\t\t\t\t\t\t<\/div>\n\t\t\t\t<\/div>\n\t\t\t\t<div class=\"elementor-element elementor-element-b30747f elementor-align-center elementor-widget elementor-widget-button\" data-id=\"b30747f\" data-element_type=\"widget\" data-widget_type=\"button.default\">\n\t\t\t\t<div class=\"elementor-widget-container\">\n\t\t\t\t\t\t\t\t\t<div class=\"elementor-button-wrapper\">\n\t\t\t\t\t<a class=\"elementor-button elementor-button-link elementor-size-sm elementor-animation-wobble-horizontal\" href=\"#elementor-action%3Aaction%3Dpopup%3Aopen%26settings%3DeyJpZCI6IjU5NjEiLCJ0b2dnbGUiOmZhbHNlfQ%3D%3D\">\n\t\t\t\t\t\t<span class=\"elementor-button-content-wrapper\">\n\t\t\t\t\t\t\t\t\t<span class=\"elementor-button-text\">General tips<\/span>\n\t\t\t\t\t<\/span>\n\t\t\t\t\t<\/a>\n\t\t\t\t<\/div>\n\t\t\t\t\t\t\t\t<\/div>\n\t\t\t\t<\/div>\n\t\t\t\t<\/div>\n\t\t\t\t\t<\/div>\n\t\t\t\t<\/div>\n\t\t\t\t<\/div>","protected":false},"excerpt":{"rendered":"<p>El Salvador El Salvador El Salvador es el pa\u00eds m\u00e1s peque\u00f1o de Am\u00e9rica Central y el \u00fanico que no tiene costa con el mar Caribe. Su franja costera de 321 km de largo est\u00e1 de cara completamente al sur con direcci\u00f3n angular hacia el polo sur, lo que causa que el oleaje que recibe provenga [&hellip;]<\/p>","protected":false},"author":1,"featured_media":0,"parent":0,"menu_order":0,"comment_status":"closed","ping_status":"closed","template":"","meta":{"inline_featured_image":false,"footnotes":""},"class_list":["post-5688","page","type-page","status-publish","hentry"],"yoast_head":"<!-- This site is optimized with the Yoast SEO plugin v25.8 - https:\/\/yoast.com\/wordpress\/plugins\/seo\/ -->\n<title>Descubre Surf City - Surf City<\/title>\n<meta name=\"robots\" content=\"index, follow, max-snippet:-1, max-image-preview:large, max-video-preview:-1\" \/>\n<link rel=\"canonical\" href=\"https:\/\/surfcity.org\/en\/descubre-surf-city\/\" \/>\n<meta property=\"og:locale\" content=\"en_US\" \/>\n<meta property=\"og:type\" content=\"article\" \/>\n<meta property=\"og:title\" content=\"Descubre Surf City - Surf City\" \/>\n<meta property=\"og:description\" content=\"El Salvador El Salvador El Salvador es el pa\u00eds m\u00e1s peque\u00f1o de Am\u00e9rica Central y el \u00fanico que no tiene costa con el mar Caribe. Su franja costera de 321 km de largo est\u00e1 de cara completamente al sur con direcci\u00f3n angular hacia el polo sur, lo que causa que el oleaje que recibe provenga [&hellip;]\" \/>\n<meta property=\"og:url\" content=\"https:\/\/surfcity.org\/en\/descubre-surf-city\/\" \/>\n<meta property=\"og:site_name\" content=\"Surf City\" \/>\n<meta property=\"article:publisher\" content=\"https:\/\/www.facebook.com\/Surf-City-El-Salvador-117865413461208\" \/>\n<meta property=\"article:modified_time\" content=\"2024-05-28T15:50:25+00:00\" \/>\n<meta property=\"og:image\" content=\"https:\/\/surfcity.org\/wp-content\/uploads\/2023\/10\/surfcity-img-06.png\" \/>\n<meta name=\"twitter:card\" content=\"summary_large_image\" \/>\n<meta name=\"twitter:site\" content=\"@surfcity\" \/>\n<meta name=\"twitter:label1\" content=\"Est. reading time\" \/>\n\t<meta name=\"twitter:data1\" content=\"2 minutes\" \/>\n<script type=\"application\/ld+json\" class=\"yoast-schema-graph\">{\"@context\":\"https:\/\/schema.org\",\"@graph\":[{\"@type\":\"WebPage\",\"@id\":\"https:\/\/surfcity.org\/es\/descubre-surf-city\/\",\"url\":\"https:\/\/surfcity.org\/es\/descubre-surf-city\/\",\"name\":\"Descubre Surf City - Surf City\",\"isPartOf\":{\"@id\":\"https:\/\/surfcity.org\/es\/#website\"},\"primaryImageOfPage\":{\"@id\":\"https:\/\/surfcity.org\/es\/descubre-surf-city\/#primaryimage\"},\"image\":{\"@id\":\"https:\/\/surfcity.org\/es\/descubre-surf-city\/#primaryimage\"},\"thumbnailUrl\":\"https:\/\/surfcity.org\/wp-content\/uploads\/2023\/10\/surfcity-img-06.png\",\"datePublished\":\"2023-10-19T16:46:13+00:00\",\"dateModified\":\"2024-05-28T15:50:25+00:00\",\"breadcrumb\":{\"@id\":\"https:\/\/surfcity.org\/es\/descubre-surf-city\/#breadcrumb\"},\"inLanguage\":\"en-US\",\"potentialAction\":[{\"@type\":\"ReadAction\",\"target\":[\"https:\/\/surfcity.org\/es\/descubre-surf-city\/\"]}]},{\"@type\":\"ImageObject\",\"inLanguage\":\"en-US\",\"@id\":\"https:\/\/surfcity.org\/es\/descubre-surf-city\/#primaryimage\",\"url\":\"https:\/\/surfcity.org\/wp-content\/uploads\/2023\/10\/surfcity-img-06.png\",\"contentUrl\":\"https:\/\/surfcity.org\/wp-content\/uploads\/2023\/10\/surfcity-img-06.png\"},{\"@type\":\"BreadcrumbList\",\"@id\":\"https:\/\/surfcity.org\/es\/descubre-surf-city\/#breadcrumb\",\"itemListElement\":[{\"@type\":\"ListItem\",\"position\":1,\"name\":\"Inicio\",\"item\":\"https:\/\/surfcity.org\/\"},{\"@type\":\"ListItem\",\"position\":2,\"name\":\"Descubre Surf City\"}]},{\"@type\":\"WebSite\",\"@id\":\"https:\/\/surfcity.org\/es\/#website\",\"url\":\"https:\/\/surfcity.org\/es\/\",\"name\":\"Surf City\",\"description\":\"El Salvador\",\"publisher\":{\"@id\":\"https:\/\/surfcity.org\/es\/#organization\"},\"potentialAction\":[{\"@type\":\"SearchAction\",\"target\":{\"@type\":\"EntryPoint\",\"urlTemplate\":\"https:\/\/surfcity.org\/es\/?s={search_term_string}\"},\"query-input\":{\"@type\":\"PropertyValueSpecification\",\"valueRequired\":true,\"valueName\":\"search_term_string\"}}],\"inLanguage\":\"en-US\"},{\"@type\":\"Organization\",\"@id\":\"https:\/\/surfcity.org\/es\/#organization\",\"name\":\"Surf City El Salvador\",\"url\":\"https:\/\/surfcity.org\/es\/\",\"logo\":{\"@type\":\"ImageObject\",\"inLanguage\":\"en-US\",\"@id\":\"https:\/\/surfcity.org\/es\/#\/schema\/logo\/image\/\",\"url\":\"https:\/\/surfcity.org\/wp-content\/uploads\/2023\/09\/LogoSC.png\",\"contentUrl\":\"https:\/\/surfcity.org\/wp-content\/uploads\/2023\/09\/LogoSC.png\",\"width\":309,\"height\":74,\"caption\":\"Surf City El Salvador\"},\"image\":{\"@id\":\"https:\/\/surfcity.org\/es\/#\/schema\/logo\/image\/\"},\"sameAs\":[\"https:\/\/www.facebook.com\/Surf-City-El-Salvador-117865413461208\",\"https:\/\/x.com\/surfcity\",\"https:\/\/www.instagram.com\/surfcity\/\",\"https:\/\/www.tiktok.com\/@surfcity\"]}]}<\/script>\n<!-- \/ Yoast SEO plugin. -->","yoast_head_json":{"title":"Descubre Surf City - Surf City","robots":{"index":"index","follow":"follow","max-snippet":"max-snippet:-1","max-image-preview":"max-image-preview:large","max-video-preview":"max-video-preview:-1"},"canonical":"https:\/\/surfcity.org\/en\/descubre-surf-city\/","og_locale":"en_US","og_type":"article","og_title":"Descubre Surf City - Surf City","og_description":"El Salvador El Salvador El Salvador es el pa\u00eds m\u00e1s peque\u00f1o de Am\u00e9rica Central y el \u00fanico que no tiene costa con el mar Caribe. Su franja costera de 321 km de largo est\u00e1 de cara completamente al sur con direcci\u00f3n angular hacia el polo sur, lo que causa que el oleaje que recibe provenga [&hellip;]","og_url":"https:\/\/surfcity.org\/en\/descubre-surf-city\/","og_site_name":"Surf City","article_publisher":"https:\/\/www.facebook.com\/Surf-City-El-Salvador-117865413461208","article_modified_time":"2024-05-28T15:50:25+00:00","og_image":[{"url":"https:\/\/surfcity.org\/wp-content\/uploads\/2023\/10\/surfcity-img-06.png","type":"","width":"","height":""}],"twitter_card":"summary_large_image","twitter_site":"@surfcity","twitter_misc":{"Est. reading time":"2 minutes"},"schema":{"@context":"https:\/\/schema.org","@graph":[{"@type":"WebPage","@id":"https:\/\/surfcity.org\/es\/descubre-surf-city\/","url":"https:\/\/surfcity.org\/es\/descubre-surf-city\/","name":"Descubre Surf City - Surf City","isPartOf":{"@id":"https:\/\/surfcity.org\/es\/#website"},"primaryImageOfPage":{"@id":"https:\/\/surfcity.org\/es\/descubre-surf-city\/#primaryimage"},"image":{"@id":"https:\/\/surfcity.org\/es\/descubre-surf-city\/#primaryimage"},"thumbnailUrl":"https:\/\/surfcity.org\/wp-content\/uploads\/2023\/10\/surfcity-img-06.png","datePublished":"2023-10-19T16:46:13+00:00","dateModified":"2024-05-28T15:50:25+00:00","breadcrumb":{"@id":"https:\/\/surfcity.org\/es\/descubre-surf-city\/#breadcrumb"},"inLanguage":"en-US","potentialAction":[{"@type":"ReadAction","target":["https:\/\/surfcity.org\/es\/descubre-surf-city\/"]}]},{"@type":"ImageObject","inLanguage":"en-US","@id":"https:\/\/surfcity.org\/es\/descubre-surf-city\/#primaryimage","url":"https:\/\/surfcity.org\/wp-content\/uploads\/2023\/10\/surfcity-img-06.png","contentUrl":"https:\/\/surfcity.org\/wp-content\/uploads\/2023\/10\/surfcity-img-06.png"},{"@type":"BreadcrumbList","@id":"https:\/\/surfcity.org\/es\/descubre-surf-city\/#breadcrumb","itemListElement":[{"@type":"ListItem","position":1,"name":"Inicio","item":"https:\/\/surfcity.org\/"},{"@type":"ListItem","position":2,"name":"Descubre Surf City"}]},{"@type":"WebSite","@id":"https:\/\/surfcity.org\/es\/#website","url":"https:\/\/surfcity.org\/es\/","name":"Surf City","description":"El Salvador","publisher":{"@id":"https:\/\/surfcity.org\/es\/#organization"},"potentialAction":[{"@type":"SearchAction","target":{"@type":"EntryPoint","urlTemplate":"https:\/\/surfcity.org\/es\/?s={search_term_string}"},"query-input":{"@type":"PropertyValueSpecification","valueRequired":true,"valueName":"search_term_string"}}],"inLanguage":"en-US"},{"@type":"Organization","@id":"https:\/\/surfcity.org\/es\/#organization","name":"Surf City El Salvador","url":"https:\/\/surfcity.org\/es\/","logo":{"@type":"ImageObject","inLanguage":"en-US","@id":"https:\/\/surfcity.org\/es\/#\/schema\/logo\/image\/","url":"https:\/\/surfcity.org\/wp-content\/uploads\/2023\/09\/LogoSC.png","contentUrl":"https:\/\/surfcity.org\/wp-content\/uploads\/2023\/09\/LogoSC.png","width":309,"height":74,"caption":"Surf City El Salvador"},"image":{"@id":"https:\/\/surfcity.org\/es\/#\/schema\/logo\/image\/"},"sameAs":["https:\/\/www.facebook.com\/Surf-City-El-Salvador-117865413461208","https:\/\/x.com\/surfcity","https:\/\/www.instagram.com\/surfcity\/","https:\/\/www.tiktok.com\/@surfcity"]}]}},"_links":{"self":[{"href":"https:\/\/surfcity.org\/en\/wp-json\/wp\/v2\/pages\/5688","targetHints":{"allow":["GET"]}}],"collection":[{"href":"https:\/\/surfcity.org\/en\/wp-json\/wp\/v2\/pages"}],"about":[{"href":"https:\/\/surfcity.org\/en\/wp-json\/wp\/v2\/types\/page"}],"author":[{"embeddable":true,"href":"https:\/\/surfcity.org\/en\/wp-json\/wp\/v2\/users\/1"}],"replies":[{"embeddable":true,"href":"https:\/\/surfcity.org\/en\/wp-json\/wp\/v2\/comments?post=5688"}],"version-history":[{"count":100,"href":"https:\/\/surfcity.org\/en\/wp-json\/wp\/v2\/pages\/5688\/revisions"}],"predecessor-version":[{"id":7416,"href":"https:\/\/surfcity.org\/en\/wp-json\/wp\/v2\/pages\/5688\/revisions\/7416"}],"wp:attachment":[{"href":"https:\/\/surfcity.org\/en\/wp-json\/wp\/v2\/media?parent=5688"}],"curies":[{"name":"wp","href":"https:\/\/api.w.org\/{rel}","templated":true}]}}