{"id":8310,"date":"2024-11-20T13:30:42","date_gmt":"2024-11-20T19:30:42","guid":{"rendered":"https:\/\/surfcity.org\/?page_id=8310"},"modified":"2024-11-20T13:38:44","modified_gmt":"2024-11-20T19:38:44","slug":"experiencias-surf-city-el-salvador-alas-pro-tour-2024","status":"publish","type":"page","link":"https:\/\/surfcity.org\/en\/experiencias-surf-city-el-salvador-alas-pro-tour-2024\/","title":{"rendered":"Experiencias Surf City El Salvador ALAS Pro Tour 2024"},"content":{"rendered":"<div data-elementor-type=\"wp-page\" data-elementor-id=\"8310\" class=\"elementor elementor-8310\" data-elementor-post-type=\"page\">\n\t\t\t\t<div class=\"elementor-element elementor-element-4b1dce8 e-flex e-con-boxed e-con e-parent\" data-id=\"4b1dce8\" data-element_type=\"container\" data-e-type=\"container\">\n\t\t\t\t\t<div class=\"e-con-inner\">\n\t\t\t\t<div class=\"elementor-element elementor-element-74dd35a elementor-widget elementor-widget-heading\" data-id=\"74dd35a\" data-element_type=\"widget\" data-e-type=\"widget\" data-widget_type=\"heading.default\">\n\t\t\t\t<div class=\"elementor-widget-container\">\n\t\t\t\t\t<h2 class=\"elementor-heading-title elementor-size-default\">You are invited to live the best experiences in El Salvador during the <br>Surf City El Salvador ALAS Pro Tour 2024<\/h2>\t\t\t\t<\/div>\n\t\t\t\t<\/div>\n\t\t\t\t<div class=\"elementor-element elementor-element-aa5f700 elementor-widget elementor-widget-image\" data-id=\"aa5f700\" data-element_type=\"widget\" data-e-type=\"widget\" data-widget_type=\"image.default\">\n\t\t\t\t<div class=\"elementor-widget-container\">\n\t\t\t\t\t\t\t\t\t\t\t\t\t\t\t<img fetchpriority=\"high\" decoding=\"async\" width=\"1920\" height=\"1148\" src=\"https:\/\/surfcity.org\/wp-content\/uploads\/2024\/08\/sunzal.jpg\" class=\"attachment-full size-full wp-image-7787\" alt=\"\" srcset=\"https:\/\/surfcity.org\/wp-content\/uploads\/2024\/08\/sunzal.jpg 1920w, https:\/\/surfcity.org\/wp-content\/uploads\/2024\/08\/sunzal-300x179.jpg 300w, https:\/\/surfcity.org\/wp-content\/uploads\/2024\/08\/sunzal-1024x612.jpg 1024w, https:\/\/surfcity.org\/wp-content\/uploads\/2024\/08\/sunzal-768x459.jpg 768w, https:\/\/surfcity.org\/wp-content\/uploads\/2024\/08\/sunzal-370x221.jpg 370w, https:\/\/surfcity.org\/wp-content\/uploads\/2024\/08\/sunzal-770x460.jpg 770w, https:\/\/surfcity.org\/wp-content\/uploads\/2024\/08\/sunzal-1536x918.jpg 1536w, https:\/\/surfcity.org\/wp-content\/uploads\/2024\/08\/sunzal-18x12.jpg 18w, https:\/\/surfcity.org\/wp-content\/uploads\/2024\/08\/sunzal-24x14.jpg 24w, https:\/\/surfcity.org\/wp-content\/uploads\/2024\/08\/sunzal-750x448.jpg 750w, https:\/\/surfcity.org\/wp-content\/uploads\/2024\/08\/sunzal-1140x682.jpg 1140w\" sizes=\"(max-width: 1920px) 100vw, 1920px\" \/>\t\t\t\t\t\t\t\t\t\t\t\t\t\t\t<\/div>\n\t\t\t\t<\/div>\n\t\t\t\t\t<\/div>\n\t\t\t\t<\/div>\n\t\t<div class=\"elementor-element elementor-element-77ccfc6 e-flex e-con-boxed e-con e-parent\" data-id=\"77ccfc6\" data-element_type=\"container\" data-e-type=\"container\">\n\t\t\t\t\t<div class=\"e-con-inner\">\n\t\t<div class=\"elementor-element elementor-element-c44f15a e-con-full e-flex e-con e-child\" data-id=\"c44f15a\" data-element_type=\"container\" data-e-type=\"container\">\n\t\t\t\t<div class=\"elementor-element elementor-element-0270a7e elementor-widget elementor-widget-image\" data-id=\"0270a7e\" data-element_type=\"widget\" data-e-type=\"widget\" data-widget_type=\"image.default\">\n\t\t\t\t<div class=\"elementor-widget-container\">\n\t\t\t\t\t\t\t\t\t\t\t\t\t\t\t<img decoding=\"async\" width=\"765\" height=\"1024\" src=\"https:\/\/surfcity.org\/wp-content\/uploads\/2024\/11\/surf-765x1024.jpg\" class=\"attachment-large size-large wp-image-8316\" alt=\"\" srcset=\"https:\/\/surfcity.org\/wp-content\/uploads\/2024\/11\/surf-765x1024.jpg 765w, https:\/\/surfcity.org\/wp-content\/uploads\/2024\/11\/surf-224x300.jpg 224w, https:\/\/surfcity.org\/wp-content\/uploads\/2024\/11\/surf-768x1027.jpg 768w, https:\/\/surfcity.org\/wp-content\/uploads\/2024\/11\/surf-370x495.jpg 370w, https:\/\/surfcity.org\/wp-content\/uploads\/2024\/11\/surf-344x460.jpg 344w, https:\/\/surfcity.org\/wp-content\/uploads\/2024\/11\/surf-9x12.jpg 9w, https:\/\/surfcity.org\/wp-content\/uploads\/2024\/11\/surf-18x24.jpg 18w, https:\/\/surfcity.org\/wp-content\/uploads\/2024\/11\/surf-750x1003.jpg 750w, https:\/\/surfcity.org\/wp-content\/uploads\/2024\/11\/surf.jpg 900w\" sizes=\"(max-width: 765px) 100vw, 765px\" \/>\t\t\t\t\t\t\t\t\t\t\t\t\t\t\t<\/div>\n\t\t\t\t<\/div>\n\t\t\t\t<\/div>\n\t\t<div class=\"elementor-element elementor-element-cb39b0f e-con-full e-flex e-con e-child\" data-id=\"cb39b0f\" data-element_type=\"container\" data-e-type=\"container\">\n\t\t\t\t<div class=\"elementor-element elementor-element-a93ec07 elementor-widget elementor-widget-image\" data-id=\"a93ec07\" data-element_type=\"widget\" data-e-type=\"widget\" data-widget_type=\"image.default\">\n\t\t\t\t<div class=\"elementor-widget-container\">\n\t\t\t\t\t\t\t\t\t\t\t\t\t\t\t<img decoding=\"async\" width=\"753\" height=\"1024\" src=\"https:\/\/surfcity.org\/wp-content\/uploads\/2024\/11\/yoga-753x1024.jpg\" class=\"attachment-large size-large wp-image-8317\" alt=\"\" srcset=\"https:\/\/surfcity.org\/wp-content\/uploads\/2024\/11\/yoga-753x1024.jpg 753w, https:\/\/surfcity.org\/wp-content\/uploads\/2024\/11\/yoga-221x300.jpg 221w, https:\/\/surfcity.org\/wp-content\/uploads\/2024\/11\/yoga-768x1044.jpg 768w, https:\/\/surfcity.org\/wp-content\/uploads\/2024\/11\/yoga-368x500.jpg 368w, https:\/\/surfcity.org\/wp-content\/uploads\/2024\/11\/yoga-338x460.jpg 338w, https:\/\/surfcity.org\/wp-content\/uploads\/2024\/11\/yoga-9x12.jpg 9w, https:\/\/surfcity.org\/wp-content\/uploads\/2024\/11\/yoga-18x24.jpg 18w, https:\/\/surfcity.org\/wp-content\/uploads\/2024\/11\/yoga-750x1020.jpg 750w, https:\/\/surfcity.org\/wp-content\/uploads\/2024\/11\/yoga.jpg 900w\" sizes=\"(max-width: 753px) 100vw, 753px\" \/>\t\t\t\t\t\t\t\t\t\t\t\t\t\t\t<\/div>\n\t\t\t\t<\/div>\n\t\t\t\t<\/div>\n\t\t\t\t\t<\/div>\n\t\t\t\t<\/div>\n\t\t<div class=\"elementor-element elementor-element-db85ca6 e-flex e-con-boxed e-con e-parent\" data-id=\"db85ca6\" data-element_type=\"container\" data-e-type=\"container\">\n\t\t\t\t\t<div class=\"e-con-inner\">\n\t\t<div class=\"elementor-element elementor-element-f2e5b1a e-con-full e-flex e-con e-child\" data-id=\"f2e5b1a\" data-element_type=\"container\" data-e-type=\"container\">\n\t\t\t\t<div class=\"elementor-element elementor-element-c61696f elementor-widget elementor-widget-image\" data-id=\"c61696f\" data-element_type=\"widget\" data-e-type=\"widget\" data-widget_type=\"image.default\">\n\t\t\t\t<div class=\"elementor-widget-container\">\n\t\t\t\t\t\t\t\t\t\t\t\t\t\t\t<img loading=\"lazy\" decoding=\"async\" width=\"800\" height=\"983\" src=\"https:\/\/surfcity.org\/wp-content\/uploads\/2024\/11\/calistemia-833x1024.jpg\" class=\"attachment-large size-large wp-image-8319\" alt=\"\" srcset=\"https:\/\/surfcity.org\/wp-content\/uploads\/2024\/11\/calistemia-833x1024.jpg 833w, https:\/\/surfcity.org\/wp-content\/uploads\/2024\/11\/calistemia-244x300.jpg 244w, https:\/\/surfcity.org\/wp-content\/uploads\/2024\/11\/calistemia-768x945.jpg 768w, https:\/\/surfcity.org\/wp-content\/uploads\/2024\/11\/calistemia-370x455.jpg 370w, https:\/\/surfcity.org\/wp-content\/uploads\/2024\/11\/calistemia-374x460.jpg 374w, https:\/\/surfcity.org\/wp-content\/uploads\/2024\/11\/calistemia-10x12.jpg 10w, https:\/\/surfcity.org\/wp-content\/uploads\/2024\/11\/calistemia-20x24.jpg 20w, https:\/\/surfcity.org\/wp-content\/uploads\/2024\/11\/calistemia-750x923.jpg 750w, https:\/\/surfcity.org\/wp-content\/uploads\/2024\/11\/calistemia.jpg 900w\" sizes=\"(max-width: 800px) 100vw, 800px\" \/>\t\t\t\t\t\t\t\t\t\t\t\t\t\t\t<\/div>\n\t\t\t\t<\/div>\n\t\t\t\t<\/div>\n\t\t<div class=\"elementor-element elementor-element-6f950ef e-con-full e-flex e-con e-child\" data-id=\"6f950ef\" data-element_type=\"container\" data-e-type=\"container\">\n\t\t\t\t<div class=\"elementor-element elementor-element-4f27ddf elementor-widget elementor-widget-image\" data-id=\"4f27ddf\" data-element_type=\"widget\" data-e-type=\"widget\" data-widget_type=\"image.default\">\n\t\t\t\t<div class=\"elementor-widget-container\">\n\t\t\t\t\t\t\t\t\t\t\t\t\t\t\t<img loading=\"lazy\" decoding=\"async\" width=\"800\" height=\"932\" src=\"https:\/\/surfcity.org\/wp-content\/uploads\/2024\/11\/cine-879x1024.jpg\" class=\"attachment-large size-large wp-image-8318\" alt=\"\" srcset=\"https:\/\/surfcity.org\/wp-content\/uploads\/2024\/11\/cine-879x1024.jpg 879w, https:\/\/surfcity.org\/wp-content\/uploads\/2024\/11\/cine-258x300.jpg 258w, https:\/\/surfcity.org\/wp-content\/uploads\/2024\/11\/cine-768x894.jpg 768w, https:\/\/surfcity.org\/wp-content\/uploads\/2024\/11\/cine-370x431.jpg 370w, https:\/\/surfcity.org\/wp-content\/uploads\/2024\/11\/cine-395x460.jpg 395w, https:\/\/surfcity.org\/wp-content\/uploads\/2024\/11\/cine-10x12.jpg 10w, https:\/\/surfcity.org\/wp-content\/uploads\/2024\/11\/cine-21x24.jpg 21w, https:\/\/surfcity.org\/wp-content\/uploads\/2024\/11\/cine-750x873.jpg 750w, https:\/\/surfcity.org\/wp-content\/uploads\/2024\/11\/cine.jpg 900w\" sizes=\"(max-width: 800px) 100vw, 800px\" \/>\t\t\t\t\t\t\t\t\t\t\t\t\t\t\t<\/div>\n\t\t\t\t<\/div>\n\t\t\t\t<\/div>\n\t\t\t\t\t<\/div>\n\t\t\t\t<\/div>\n\t\t<div class=\"elementor-element elementor-element-904bdd0 e-flex e-con-boxed e-con e-parent\" data-id=\"904bdd0\" data-element_type=\"container\" data-e-type=\"container\">\n\t\t\t\t\t<div class=\"e-con-inner\">\n\t\t<div class=\"elementor-element elementor-element-93d7d7f e-con-full e-flex e-con e-child\" data-id=\"93d7d7f\" data-element_type=\"container\" data-e-type=\"container\">\n\t\t\t\t<div class=\"elementor-element elementor-element-dc78a5b elementor-widget elementor-widget-image\" data-id=\"dc78a5b\" data-element_type=\"widget\" data-e-type=\"widget\" data-widget_type=\"image.default\">\n\t\t\t\t<div class=\"elementor-widget-container\">\n\t\t\t\t\t\t\t\t\t\t\t\t\t\t\t<img loading=\"lazy\" decoding=\"async\" width=\"800\" height=\"1015\" src=\"https:\/\/surfcity.org\/wp-content\/uploads\/2024\/11\/danza-807x1024.jpg\" class=\"attachment-large size-large wp-image-8320\" alt=\"\" srcset=\"https:\/\/surfcity.org\/wp-content\/uploads\/2024\/11\/danza-807x1024.jpg 807w, https:\/\/surfcity.org\/wp-content\/uploads\/2024\/11\/danza-236x300.jpg 236w, https:\/\/surfcity.org\/wp-content\/uploads\/2024\/11\/danza-768x975.jpg 768w, https:\/\/surfcity.org\/wp-content\/uploads\/2024\/11\/danza-370x469.jpg 370w, https:\/\/surfcity.org\/wp-content\/uploads\/2024\/11\/danza-363x460.jpg 363w, https:\/\/surfcity.org\/wp-content\/uploads\/2024\/11\/danza-9x12.jpg 9w, https:\/\/surfcity.org\/wp-content\/uploads\/2024\/11\/danza-19x24.jpg 19w, https:\/\/surfcity.org\/wp-content\/uploads\/2024\/11\/danza-750x952.jpg 750w, https:\/\/surfcity.org\/wp-content\/uploads\/2024\/11\/danza.jpg 900w\" sizes=\"(max-width: 800px) 100vw, 800px\" \/>\t\t\t\t\t\t\t\t\t\t\t\t\t\t\t<\/div>\n\t\t\t\t<\/div>\n\t\t\t\t<\/div>\n\t\t<div class=\"elementor-element elementor-element-d3dce73 e-con-full e-flex e-con e-child\" data-id=\"d3dce73\" data-element_type=\"container\" data-e-type=\"container\">\n\t\t\t\t<\/div>\n\t\t\t\t\t<\/div>\n\t\t\t\t<\/div>\n\t\t<div class=\"elementor-element elementor-element-560f895 elementor-hidden-desktop elementor-hidden-tablet elementor-hidden-mobile e-flex e-con-boxed e-con e-parent\" data-id=\"560f895\" data-element_type=\"container\" data-e-type=\"container\">\n\t\t\t\t\t<div class=\"e-con-inner\">\n\t\t\t\t<div class=\"elementor-element elementor-element-33a3322 elementor-widget elementor-widget-heading\" data-id=\"33a3322\" data-element_type=\"widget\" data-e-type=\"widget\" data-widget_type=\"heading.default\">\n\t\t\t\t<div class=\"elementor-widget-container\">\n\t\t\t\t\t<h2 class=\"elementor-heading-title elementor-size-default\">General information:<\/h2>\t\t\t\t<\/div>\n\t\t\t\t<\/div>\n\t\t\t\t\t<\/div>\n\t\t\t\t<\/div>\n\t\t<div class=\"elementor-element elementor-element-85f961f elementor-hidden-desktop elementor-hidden-tablet elementor-hidden-mobile e-flex e-con-boxed e-con e-parent\" data-id=\"85f961f\" data-element_type=\"container\" data-e-type=\"container\">\n\t\t\t\t\t<div class=\"e-con-inner\">\n\t\t<div class=\"elementor-element elementor-element-655b562 e-con-full e-flex e-con e-child\" data-id=\"655b562\" data-element_type=\"container\" data-e-type=\"container\">\n\t\t\t\t<div class=\"elementor-element elementor-element-bf70ffd elementor-view-default elementor-position-block-start elementor-mobile-position-block-start elementor-widget elementor-widget-icon-box\" data-id=\"bf70ffd\" data-element_type=\"widget\" data-e-type=\"widget\" data-widget_type=\"icon-box.default\">\n\t\t\t\t<div class=\"elementor-widget-container\">\n\t\t\t\t\t\t\t<div class=\"elementor-icon-box-wrapper\">\n\n\t\t\t\t\t\t<div class=\"elementor-icon-box-icon\">\n\t\t\t\t<span  class=\"elementor-icon\">\n\t\t\t\t<i aria-hidden=\"true\" class=\"fas fa-thumbs-up\"><\/i>\t\t\t\t<\/span>\n\t\t\t<\/div>\n\t\t\t\n\t\t\t\t\t\t<div class=\"elementor-icon-box-content\">\n\n\t\t\t\t\n\t\t\t\t\t\t\t\t\t<p class=\"elementor-icon-box-description\">\n\t\t\t\t\t\tAll experiences are free of charge, exclusively for athletes, technical teams, and guests registered in the competition (you must wear a bracelet). \t\t\t\t\t<\/p>\n\t\t\t\t\n\t\t\t<\/div>\n\t\t\t\n\t\t<\/div>\n\t\t\t\t\t\t<\/div>\n\t\t\t\t<\/div>\n\t\t\t\t<\/div>\n\t\t<div class=\"elementor-element elementor-element-3005d7a e-con-full e-flex e-con e-child\" data-id=\"3005d7a\" data-element_type=\"container\" data-e-type=\"container\">\n\t\t\t\t<div class=\"elementor-element elementor-element-a790aa0 elementor-view-default elementor-position-block-start elementor-mobile-position-block-start elementor-widget elementor-widget-icon-box\" data-id=\"a790aa0\" data-element_type=\"widget\" data-e-type=\"widget\" data-widget_type=\"icon-box.default\">\n\t\t\t\t<div class=\"elementor-widget-container\">\n\t\t\t\t\t\t\t<div class=\"elementor-icon-box-wrapper\">\n\n\t\t\t\t\t\t<div class=\"elementor-icon-box-icon\">\n\t\t\t\t<span  class=\"elementor-icon\">\n\t\t\t\t<i aria-hidden=\"true\" class=\"fas fa-calendar-check\"><\/i>\t\t\t\t<\/span>\n\t\t\t<\/div>\n\t\t\t\n\t\t\t\t\t\t<div class=\"elementor-icon-box-content\">\n\n\t\t\t\t\n\t\t\t\t\t\t\t\t\t<p class=\"elementor-icon-box-description\">\n\t\t\t\t\t\tAgenda tu lugar en el Surf City Information Desk abierto en el Club Salvadore\u00f1o. infodesk@surfcity.org \t\t\t\t\t<\/p>\n\t\t\t\t\n\t\t\t<\/div>\n\t\t\t\n\t\t<\/div>\n\t\t\t\t\t\t<\/div>\n\t\t\t\t<\/div>\n\t\t\t\t<\/div>\n\t\t\t\t\t<\/div>\n\t\t\t\t<\/div>\n\t\t\t\t<\/div>","protected":false},"excerpt":{"rendered":"<p>Te invitamos a vivir las mejores experiencias en El Salvador durante el Surf City El Salvador ALAS Pro Tour 2024 Informaci\u00f3n general: Todas las experiencias son sin costo, exclusivo para atletas, equipos t\u00e9cnicos y acompa\u00f1antes registrados en la competencia (importante portar brazalete). Agenda tu lugar en el Surf City Information Desk abierto en el Club [&hellip;]<\/p>\n","protected":false},"author":1,"featured_media":0,"parent":0,"menu_order":0,"comment_status":"closed","ping_status":"closed","template":"","meta":{"inline_featured_image":false,"footnotes":""},"class_list":["post-8310","page","type-page","status-publish","hentry"],"yoast_head":"<!-- This site is optimized with the Yoast SEO plugin v27.4 - https:\/\/yoast.com\/product\/yoast-seo-wordpress\/ -->\n<title>Experiencias Surf City El Salvador ALAS Pro Tour 2024 - Surf City<\/title>\n<meta name=\"robots\" content=\"index, follow, max-snippet:-1, max-image-preview:large, max-video-preview:-1\" \/>\n<link rel=\"canonical\" href=\"https:\/\/surfcity.org\/en\/experiencias-surf-city-el-salvador-alas-pro-tour-2024\/\" \/>\n<meta property=\"og:locale\" content=\"en_US\" \/>\n<meta property=\"og:type\" content=\"article\" \/>\n<meta property=\"og:title\" content=\"Experiencias Surf City El Salvador ALAS Pro Tour 2024 - Surf City\" \/>\n<meta property=\"og:description\" content=\"Te invitamos a vivir las mejores experiencias en El Salvador durante el Surf City El Salvador ALAS Pro Tour 2024 Informaci\u00f3n general: Todas las experiencias son sin costo, exclusivo para atletas, equipos t\u00e9cnicos y acompa\u00f1antes registrados en la competencia (importante portar brazalete). Agenda tu lugar en el Surf City Information Desk abierto en el Club [&hellip;]\" \/>\n<meta property=\"og:url\" content=\"https:\/\/surfcity.org\/en\/experiencias-surf-city-el-salvador-alas-pro-tour-2024\/\" \/>\n<meta property=\"og:site_name\" content=\"Surf City\" \/>\n<meta property=\"article:publisher\" content=\"https:\/\/www.facebook.com\/Surf-City-El-Salvador-117865413461208\" \/>\n<meta property=\"article:modified_time\" content=\"2024-11-20T19:38:44+00:00\" \/>\n<meta property=\"og:image\" content=\"https:\/\/surfcity.org\/wp-content\/uploads\/2024\/08\/sunzal.jpg\" \/>\n<meta name=\"twitter:card\" content=\"summary_large_image\" \/>\n<meta name=\"twitter:site\" content=\"@surfcity\" \/>\n<meta name=\"twitter:label1\" content=\"Est. reading time\" \/>\n\t<meta name=\"twitter:data1\" content=\"2 minutes\" \/>\n<script type=\"application\/ld+json\" class=\"yoast-schema-graph\">{\"@context\":\"https:\\\/\\\/schema.org\",\"@graph\":[{\"@type\":\"WebPage\",\"@id\":\"https:\\\/\\\/surfcity.org\\\/experiencias-surf-city-el-salvador-alas-pro-tour-2024\\\/\",\"url\":\"https:\\\/\\\/surfcity.org\\\/experiencias-surf-city-el-salvador-alas-pro-tour-2024\\\/\",\"name\":\"Experiencias Surf City El Salvador ALAS Pro Tour 2024 - Surf City\",\"isPartOf\":{\"@id\":\"https:\\\/\\\/surfcity.org\\\/es\\\/#website\"},\"primaryImageOfPage\":{\"@id\":\"https:\\\/\\\/surfcity.org\\\/experiencias-surf-city-el-salvador-alas-pro-tour-2024\\\/#primaryimage\"},\"image\":{\"@id\":\"https:\\\/\\\/surfcity.org\\\/experiencias-surf-city-el-salvador-alas-pro-tour-2024\\\/#primaryimage\"},\"thumbnailUrl\":\"https:\\\/\\\/surfcity.org\\\/wp-content\\\/uploads\\\/2024\\\/08\\\/sunzal.jpg\",\"datePublished\":\"2024-11-20T19:30:42+00:00\",\"dateModified\":\"2024-11-20T19:38:44+00:00\",\"breadcrumb\":{\"@id\":\"https:\\\/\\\/surfcity.org\\\/experiencias-surf-city-el-salvador-alas-pro-tour-2024\\\/#breadcrumb\"},\"inLanguage\":\"en-US\",\"potentialAction\":[{\"@type\":\"ReadAction\",\"target\":[\"https:\\\/\\\/surfcity.org\\\/experiencias-surf-city-el-salvador-alas-pro-tour-2024\\\/\"]}]},{\"@type\":\"ImageObject\",\"inLanguage\":\"en-US\",\"@id\":\"https:\\\/\\\/surfcity.org\\\/experiencias-surf-city-el-salvador-alas-pro-tour-2024\\\/#primaryimage\",\"url\":\"https:\\\/\\\/surfcity.org\\\/wp-content\\\/uploads\\\/2024\\\/08\\\/sunzal.jpg\",\"contentUrl\":\"https:\\\/\\\/surfcity.org\\\/wp-content\\\/uploads\\\/2024\\\/08\\\/sunzal.jpg\"},{\"@type\":\"BreadcrumbList\",\"@id\":\"https:\\\/\\\/surfcity.org\\\/experiencias-surf-city-el-salvador-alas-pro-tour-2024\\\/#breadcrumb\",\"itemListElement\":[{\"@type\":\"ListItem\",\"position\":1,\"name\":\"Inicio\",\"item\":\"https:\\\/\\\/surfcity.org\\\/\"},{\"@type\":\"ListItem\",\"position\":2,\"name\":\"Experiencias Surf City El Salvador ALAS Pro Tour 2024\"}]},{\"@type\":\"WebSite\",\"@id\":\"https:\\\/\\\/surfcity.org\\\/es\\\/#website\",\"url\":\"https:\\\/\\\/surfcity.org\\\/es\\\/\",\"name\":\"Surf City\",\"description\":\"El Salvador\",\"publisher\":{\"@id\":\"https:\\\/\\\/surfcity.org\\\/es\\\/#organization\"},\"potentialAction\":[{\"@type\":\"SearchAction\",\"target\":{\"@type\":\"EntryPoint\",\"urlTemplate\":\"https:\\\/\\\/surfcity.org\\\/es\\\/?s={search_term_string}\"},\"query-input\":{\"@type\":\"PropertyValueSpecification\",\"valueRequired\":true,\"valueName\":\"search_term_string\"}}],\"inLanguage\":\"en-US\"},{\"@type\":\"Organization\",\"@id\":\"https:\\\/\\\/surfcity.org\\\/es\\\/#organization\",\"name\":\"Surf City El Salvador\",\"url\":\"https:\\\/\\\/surfcity.org\\\/es\\\/\",\"logo\":{\"@type\":\"ImageObject\",\"inLanguage\":\"en-US\",\"@id\":\"https:\\\/\\\/surfcity.org\\\/es\\\/#\\\/schema\\\/logo\\\/image\\\/\",\"url\":\"https:\\\/\\\/surfcity.org\\\/wp-content\\\/uploads\\\/2023\\\/09\\\/LogoSC.png\",\"contentUrl\":\"https:\\\/\\\/surfcity.org\\\/wp-content\\\/uploads\\\/2023\\\/09\\\/LogoSC.png\",\"width\":309,\"height\":74,\"caption\":\"Surf City El Salvador\"},\"image\":{\"@id\":\"https:\\\/\\\/surfcity.org\\\/es\\\/#\\\/schema\\\/logo\\\/image\\\/\"},\"sameAs\":[\"https:\\\/\\\/www.facebook.com\\\/Surf-City-El-Salvador-117865413461208\",\"https:\\\/\\\/x.com\\\/surfcity\",\"https:\\\/\\\/www.instagram.com\\\/surfcity\\\/\",\"https:\\\/\\\/www.tiktok.com\\\/@surfcity\"]}]}<\/script>\n<!-- \/ Yoast SEO plugin. -->","yoast_head_json":{"title":"Experiencias Surf City El Salvador ALAS Pro Tour 2024 - Surf City","robots":{"index":"index","follow":"follow","max-snippet":"max-snippet:-1","max-image-preview":"max-image-preview:large","max-video-preview":"max-video-preview:-1"},"canonical":"https:\/\/surfcity.org\/en\/experiencias-surf-city-el-salvador-alas-pro-tour-2024\/","og_locale":"en_US","og_type":"article","og_title":"Experiencias Surf City El Salvador ALAS Pro Tour 2024 - Surf City","og_description":"Te invitamos a vivir las mejores experiencias en El Salvador durante el Surf City El Salvador ALAS Pro Tour 2024 Informaci\u00f3n general: Todas las experiencias son sin costo, exclusivo para atletas, equipos t\u00e9cnicos y acompa\u00f1antes registrados en la competencia (importante portar brazalete). Agenda tu lugar en el Surf City Information Desk abierto en el Club [&hellip;]","og_url":"https:\/\/surfcity.org\/en\/experiencias-surf-city-el-salvador-alas-pro-tour-2024\/","og_site_name":"Surf City","article_publisher":"https:\/\/www.facebook.com\/Surf-City-El-Salvador-117865413461208","article_modified_time":"2024-11-20T19:38:44+00:00","og_image":[{"url":"https:\/\/surfcity.org\/wp-content\/uploads\/2024\/08\/sunzal.jpg","type":"","width":"","height":""}],"twitter_card":"summary_large_image","twitter_site":"@surfcity","twitter_misc":{"Est. reading time":"2 minutes"},"schema":{"@context":"https:\/\/schema.org","@graph":[{"@type":"WebPage","@id":"https:\/\/surfcity.org\/experiencias-surf-city-el-salvador-alas-pro-tour-2024\/","url":"https:\/\/surfcity.org\/experiencias-surf-city-el-salvador-alas-pro-tour-2024\/","name":"Experiencias Surf City El Salvador ALAS Pro Tour 2024 - Surf City","isPartOf":{"@id":"https:\/\/surfcity.org\/es\/#website"},"primaryImageOfPage":{"@id":"https:\/\/surfcity.org\/experiencias-surf-city-el-salvador-alas-pro-tour-2024\/#primaryimage"},"image":{"@id":"https:\/\/surfcity.org\/experiencias-surf-city-el-salvador-alas-pro-tour-2024\/#primaryimage"},"thumbnailUrl":"https:\/\/surfcity.org\/wp-content\/uploads\/2024\/08\/sunzal.jpg","datePublished":"2024-11-20T19:30:42+00:00","dateModified":"2024-11-20T19:38:44+00:00","breadcrumb":{"@id":"https:\/\/surfcity.org\/experiencias-surf-city-el-salvador-alas-pro-tour-2024\/#breadcrumb"},"inLanguage":"en-US","potentialAction":[{"@type":"ReadAction","target":["https:\/\/surfcity.org\/experiencias-surf-city-el-salvador-alas-pro-tour-2024\/"]}]},{"@type":"ImageObject","inLanguage":"en-US","@id":"https:\/\/surfcity.org\/experiencias-surf-city-el-salvador-alas-pro-tour-2024\/#primaryimage","url":"https:\/\/surfcity.org\/wp-content\/uploads\/2024\/08\/sunzal.jpg","contentUrl":"https:\/\/surfcity.org\/wp-content\/uploads\/2024\/08\/sunzal.jpg"},{"@type":"BreadcrumbList","@id":"https:\/\/surfcity.org\/experiencias-surf-city-el-salvador-alas-pro-tour-2024\/#breadcrumb","itemListElement":[{"@type":"ListItem","position":1,"name":"Inicio","item":"https:\/\/surfcity.org\/"},{"@type":"ListItem","position":2,"name":"Experiencias Surf City El Salvador ALAS Pro Tour 2024"}]},{"@type":"WebSite","@id":"https:\/\/surfcity.org\/es\/#website","url":"https:\/\/surfcity.org\/es\/","name":"Surf City","description":"El Salvador","publisher":{"@id":"https:\/\/surfcity.org\/es\/#organization"},"potentialAction":[{"@type":"SearchAction","target":{"@type":"EntryPoint","urlTemplate":"https:\/\/surfcity.org\/es\/?s={search_term_string}"},"query-input":{"@type":"PropertyValueSpecification","valueRequired":true,"valueName":"search_term_string"}}],"inLanguage":"en-US"},{"@type":"Organization","@id":"https:\/\/surfcity.org\/es\/#organization","name":"Surf City El Salvador","url":"https:\/\/surfcity.org\/es\/","logo":{"@type":"ImageObject","inLanguage":"en-US","@id":"https:\/\/surfcity.org\/es\/#\/schema\/logo\/image\/","url":"https:\/\/surfcity.org\/wp-content\/uploads\/2023\/09\/LogoSC.png","contentUrl":"https:\/\/surfcity.org\/wp-content\/uploads\/2023\/09\/LogoSC.png","width":309,"height":74,"caption":"Surf City El Salvador"},"image":{"@id":"https:\/\/surfcity.org\/es\/#\/schema\/logo\/image\/"},"sameAs":["https:\/\/www.facebook.com\/Surf-City-El-Salvador-117865413461208","https:\/\/x.com\/surfcity","https:\/\/www.instagram.com\/surfcity\/","https:\/\/www.tiktok.com\/@surfcity"]}]}},"_links":{"self":[{"href":"https:\/\/surfcity.org\/en\/wp-json\/wp\/v2\/pages\/8310","targetHints":{"allow":["GET"]}}],"collection":[{"href":"https:\/\/surfcity.org\/en\/wp-json\/wp\/v2\/pages"}],"about":[{"href":"https:\/\/surfcity.org\/en\/wp-json\/wp\/v2\/types\/page"}],"author":[{"embeddable":true,"href":"https:\/\/surfcity.org\/en\/wp-json\/wp\/v2\/users\/1"}],"replies":[{"embeddable":true,"href":"https:\/\/surfcity.org\/en\/wp-json\/wp\/v2\/comments?post=8310"}],"version-history":[{"count":13,"href":"https:\/\/surfcity.org\/en\/wp-json\/wp\/v2\/pages\/8310\/revisions"}],"predecessor-version":[{"id":8329,"href":"https:\/\/surfcity.org\/en\/wp-json\/wp\/v2\/pages\/8310\/revisions\/8329"}],"wp:attachment":[{"href":"https:\/\/surfcity.org\/en\/wp-json\/wp\/v2\/media?parent=8310"}],"curies":[{"name":"wp","href":"https:\/\/api.w.org\/{rel}","templated":true}]}}